{"id":136,"date":"2023-12-26T00:13:40","date_gmt":"2023-12-26T00:13:40","guid":{"rendered":"https:\/\/jakob-felsner.com\/?page_id=136"},"modified":"2024-01-25T17:09:58","modified_gmt":"2024-01-25T17:09:58","slug":"drohnenaufnahmen","status":"publish","type":"page","link":"https:\/\/jakob-felsner.com\/en\/drohnenaufnahmen\/","title":{"rendered":"Drone Videos"},"content":{"rendered":"<div id=\"pl-136\"  class=\"panel-layout\" ><div id=\"pg-136-0\"  class=\"panel-grid panel-no-style\" ><div id=\"pgc-136-0-0\"  class=\"panel-grid-cell\" ><div id=\"panel-136-0-0-0\" class=\"so-panel widget widget_sow-headline panel-first-child panel-last-child\" data-index=\"0\" ><div\n\t\t\t\n\t\t\tclass=\"so-widget-sow-headline so-widget-sow-headline-default-d6db24c2db75-136\"\n\t\t\t\n\t\t><div class=\"sow-headline-container\">\n\t\t\t\t\t\t\t<h2 class=\"sow-headline\">\n\t\t\t\t\t\tThe world from above\t\t\t\t\t\t<\/h2>\n\t\t\t\t\t\t\t\t\t\t\t<div class=\"decoration\">\n\t\t\t\t\t\t<div class=\"decoration-inside\"><\/div>\n\t\t\t\t\t<\/div>\n\t\t\t\t\t\t\t\t\t\t\t<h3 class=\"sow-sub-headline\">\n\t\t\t\t\t\tInnovative perspectives on art and marketing: Show unique angles with drone imagery\t\t\t\t\t\t<\/h3>\n\t\t\t\t\t\t<\/div>\n<\/div><\/div><\/div><\/div><div id=\"pg-136-1\"  class=\"panel-grid panel-no-style\" ><div id=\"pgc-136-1-0\"  class=\"panel-grid-cell\" ><div id=\"panel-136-1-0-0\" class=\"so-panel widget widget_text panel-first-child panel-last-child\" data-index=\"1\" >\t\t\t<div class=\"textwidget\"><p><a href=\"https:\/\/youtu.be\/77-FO0lQPpM\" rel=\"noopener\"><img decoding=\"async\" class=\"alignnone size-full wp-image-7998\" src=\"https:\/\/jakob-felsner.com\/wp-content\/uploads\/2024\/01\/Drone-Reel-2024-Thumb.jpg\" alt=\"Kaufberatung youtube\" width=\"100%\" height=\"80%\" \/><\/a><\/p>\n<\/div>\n\t\t<\/div><\/div><\/div><div id=\"pg-136-2\"  class=\"panel-grid panel-no-style\" ><div id=\"pgc-136-2-0\"  class=\"panel-grid-cell\" ><div id=\"panel-136-2-0-0\" class=\"so-panel widget widget_sow-headline panel-first-child\" data-index=\"2\" ><div\n\t\t\t\n\t\t\tclass=\"so-widget-sow-headline so-widget-sow-headline-default-d6db24c2db75-136\"\n\t\t\t\n\t\t><div class=\"sow-headline-container\">\n\t\t\t\t\t\t\t<h2 class=\"sow-headline\">\n\t\t\t\t\t\tBook me\t\t\t\t\t\t<\/h2>\n\t\t\t\t\t\t\t\t\t\t\t<div class=\"decoration\">\n\t\t\t\t\t\t<div class=\"decoration-inside\"><\/div>\n\t\t\t\t\t<\/div>\n\t\t\t\t\t<\/div>\n<\/div><\/div><div id=\"panel-136-2-0-1\" class=\"so-panel widget widget_text\" data-index=\"3\" >\t\t\t<div class=\"textwidget\"><p style=\"text-align: center; color: black;\">Book a video-call with me to start your project.<\/p>\n<p style=\"text-align: center; color: black;\">Whether it's post-production for a YouTube channel, videos to attract more customers, or a photo shoot, I am happy to help. Being well-connected, my services are highly scalable, so I can also implement larger video or film projects as well.<\/p>\n<\/div>\n\t\t<\/div><div id=\"panel-136-2-0-2\" class=\"so-panel widget widget_sow-button panel-last-child\" data-index=\"4\" ><div\n\t\t\t\n\t\t\tclass=\"so-widget-sow-button so-widget-sow-button-flat-f54c0409268f-136\"\n\t\t\t\n\t\t><div class=\"ow-button-base ow-button-align-center\"\n>\n\t\t\t<a\n\t\t\t\t\thref=\"http:\/\/jakob-felsner.com\/en\/kontakt\/\"\n\t\t\t\t\tclass=\"sowb-button ow-icon-placement-left ow-button-hover\" \t>\n\t\t<span>\n\t\t\t\n\t\t\tContact me\t\t<\/span>\n\t\t\t<\/a>\n\t<\/div>\n<\/div><\/div><\/div><\/div><\/div>","protected":false},"excerpt":{"rendered":"<p>Die Welt von Oben Innovative Perspektiven f\u00fcr Kunst und Marketing: Erwecken Sie Ideen mit Drohnenbildern zum Leben Book me Buchen Sie ein Erstgespr\u00e4ch mit mir, um ihr Projekt zu starten. Sei es Postproduktion f\u00fcr einen YouTube Channel, Videos um mehr Kunden zu gewinnen oder ein Fotoshooting, ich helfe ihnen gerne weiter. Da ich gut vernetzt [&hellip;]<\/p>\n","protected":false},"author":1,"featured_media":0,"parent":0,"menu_order":0,"comment_status":"closed","ping_status":"closed","template":"","meta":{"footnotes":""},"class_list":["post-136","page","type-page","status-publish","hentry"],"yoast_head":"<!-- This site is optimized with the Yoast SEO plugin v27.6 - https:\/\/yoast.com\/product\/yoast-seo-wordpress\/ -->\n<title>Drohnenaufnahmen - Videograf Wien | Jakob Felsner &ndash; Videoproduktion &amp; Fotografie<\/title>\n<meta name=\"robots\" content=\"index, follow, max-snippet:-1, max-image-preview:large, max-video-preview:-1\" \/>\n<link rel=\"canonical\" href=\"https:\/\/jakob-felsner.com\/en\/drohnenaufnahmen\/\" \/>\n<meta property=\"og:locale\" content=\"en_GB\" \/>\n<meta property=\"og:type\" content=\"article\" \/>\n<meta property=\"og:title\" content=\"Drohnenaufnahmen - Videograf Wien | Jakob Felsner &ndash; Videoproduktion &amp; Fotografie\" \/>\n<meta property=\"og:description\" content=\"Die Welt von Oben Innovative Perspektiven f\u00fcr Kunst und Marketing: Erwecken Sie Ideen mit Drohnenbildern zum Leben Book me Buchen Sie ein Erstgespr\u00e4ch mit mir, um ihr Projekt zu starten. Sei es Postproduktion f\u00fcr einen YouTube Channel, Videos um mehr Kunden zu gewinnen oder ein Fotoshooting, ich helfe ihnen gerne weiter. Da ich gut vernetzt [&hellip;]\" \/>\n<meta property=\"og:url\" content=\"https:\/\/jakob-felsner.com\/en\/drohnenaufnahmen\/\" \/>\n<meta property=\"og:site_name\" content=\"Videograf Wien | Jakob Felsner &ndash; Videoproduktion &amp; Fotografie\" \/>\n<meta property=\"article:modified_time\" content=\"2024-01-25T17:09:58+00:00\" \/>\n<meta property=\"og:image\" content=\"https:\/\/jakob-felsner.com\/wp-content\/uploads\/2024\/01\/Drone-Reel-2024-Thumb.jpg\" \/>\n<meta name=\"twitter:card\" content=\"summary_large_image\" \/>\n<meta name=\"twitter:label1\" content=\"Estimated reading time\" \/>\n\t<meta name=\"twitter:data1\" content=\"1 minute\" \/>\n<script type=\"application\/ld+json\" class=\"yoast-schema-graph\">{\"@context\":\"https:\\\/\\\/schema.org\",\"@graph\":[{\"@type\":\"WebPage\",\"@id\":\"https:\\\/\\\/jakob-felsner.com\\\/drohnenaufnahmen\\\/\",\"url\":\"https:\\\/\\\/jakob-felsner.com\\\/drohnenaufnahmen\\\/\",\"name\":\"Drohnenaufnahmen - Videograf Wien | Jakob Felsner &ndash; Videoproduktion &amp; Fotografie\",\"isPartOf\":{\"@id\":\"https:\\\/\\\/jakob-felsner.com\\\/#website\"},\"primaryImageOfPage\":{\"@id\":\"https:\\\/\\\/jakob-felsner.com\\\/drohnenaufnahmen\\\/#primaryimage\"},\"image\":{\"@id\":\"https:\\\/\\\/jakob-felsner.com\\\/drohnenaufnahmen\\\/#primaryimage\"},\"thumbnailUrl\":\"https:\\\/\\\/jakob-felsner.com\\\/wp-content\\\/uploads\\\/2024\\\/01\\\/Drone-Reel-2024-Thumb.jpg\",\"datePublished\":\"2023-12-26T00:13:40+00:00\",\"dateModified\":\"2024-01-25T17:09:58+00:00\",\"breadcrumb\":{\"@id\":\"https:\\\/\\\/jakob-felsner.com\\\/drohnenaufnahmen\\\/#breadcrumb\"},\"inLanguage\":\"en-GB\",\"potentialAction\":[{\"@type\":\"ReadAction\",\"target\":[\"https:\\\/\\\/jakob-felsner.com\\\/drohnenaufnahmen\\\/\"]}]},{\"@type\":\"ImageObject\",\"inLanguage\":\"en-GB\",\"@id\":\"https:\\\/\\\/jakob-felsner.com\\\/drohnenaufnahmen\\\/#primaryimage\",\"url\":\"https:\\\/\\\/jakob-felsner.com\\\/wp-content\\\/uploads\\\/2024\\\/01\\\/Drone-Reel-2024-Thumb.jpg\",\"contentUrl\":\"https:\\\/\\\/jakob-felsner.com\\\/wp-content\\\/uploads\\\/2024\\\/01\\\/Drone-Reel-2024-Thumb.jpg\"},{\"@type\":\"BreadcrumbList\",\"@id\":\"https:\\\/\\\/jakob-felsner.com\\\/drohnenaufnahmen\\\/#breadcrumb\",\"itemListElement\":[{\"@type\":\"ListItem\",\"position\":1,\"name\":\"Home\",\"item\":\"https:\\\/\\\/jakob-felsner.com\\\/\"},{\"@type\":\"ListItem\",\"position\":2,\"name\":\"Drohnenaufnahmen\"}]},{\"@type\":\"WebSite\",\"@id\":\"https:\\\/\\\/jakob-felsner.com\\\/#website\",\"url\":\"https:\\\/\\\/jakob-felsner.com\\\/\",\"name\":\"Videograf Wien | Jakob Felsner &ndash; Videoproduktion &amp; Fotografie\",\"description\":\"Freelance Videoproduktion &amp; Fotografie\",\"publisher\":{\"@id\":\"https:\\\/\\\/jakob-felsner.com\\\/#organization\"},\"potentialAction\":[{\"@type\":\"SearchAction\",\"target\":{\"@type\":\"EntryPoint\",\"urlTemplate\":\"https:\\\/\\\/jakob-felsner.com\\\/?s={search_term_string}\"},\"query-input\":{\"@type\":\"PropertyValueSpecification\",\"valueRequired\":true,\"valueName\":\"search_term_string\"}}],\"inLanguage\":\"en-GB\"},{\"@type\":\"Organization\",\"@id\":\"https:\\\/\\\/jakob-felsner.com\\\/#organization\",\"name\":\"Videograf Wien | Jakob Felsner &ndash; Videoproduktion &amp; Fotografie\",\"url\":\"https:\\\/\\\/jakob-felsner.com\\\/\",\"logo\":{\"@type\":\"ImageObject\",\"inLanguage\":\"en-GB\",\"@id\":\"https:\\\/\\\/jakob-felsner.com\\\/#\\\/schema\\\/logo\\\/image\\\/\",\"url\":\"https:\\\/\\\/jakob-felsner.com\\\/wp-content\\\/uploads\\\/2023\\\/12\\\/Logo-placeholder.png\",\"contentUrl\":\"https:\\\/\\\/jakob-felsner.com\\\/wp-content\\\/uploads\\\/2023\\\/12\\\/Logo-placeholder.png\",\"width\":456,\"height\":456,\"caption\":\"Videograf Wien | Jakob Felsner &ndash; Videoproduktion &amp; Fotografie\"},\"image\":{\"@id\":\"https:\\\/\\\/jakob-felsner.com\\\/#\\\/schema\\\/logo\\\/image\\\/\"}}]}<\/script>\n<!-- \/ Yoast SEO plugin. -->","yoast_head_json":{"title":"Drohnenaufnahmen - Videograf Wien | Jakob Felsner &ndash; Videoproduktion &amp; Fotografie","robots":{"index":"index","follow":"follow","max-snippet":"max-snippet:-1","max-image-preview":"max-image-preview:large","max-video-preview":"max-video-preview:-1"},"canonical":"https:\/\/jakob-felsner.com\/en\/drohnenaufnahmen\/","og_locale":"en_GB","og_type":"article","og_title":"Drohnenaufnahmen - Videograf Wien | Jakob Felsner &ndash; Videoproduktion &amp; Fotografie","og_description":"Die Welt von Oben Innovative Perspektiven f\u00fcr Kunst und Marketing: Erwecken Sie Ideen mit Drohnenbildern zum Leben Book me Buchen Sie ein Erstgespr\u00e4ch mit mir, um ihr Projekt zu starten. Sei es Postproduktion f\u00fcr einen YouTube Channel, Videos um mehr Kunden zu gewinnen oder ein Fotoshooting, ich helfe ihnen gerne weiter. Da ich gut vernetzt [&hellip;]","og_url":"https:\/\/jakob-felsner.com\/en\/drohnenaufnahmen\/","og_site_name":"Videograf Wien | Jakob Felsner &ndash; Videoproduktion &amp; Fotografie","article_modified_time":"2024-01-25T17:09:58+00:00","og_image":[{"url":"https:\/\/jakob-felsner.com\/wp-content\/uploads\/2024\/01\/Drone-Reel-2024-Thumb.jpg","type":"","width":"","height":""}],"twitter_card":"summary_large_image","twitter_misc":{"Estimated reading time":"1 minute"},"schema":{"@context":"https:\/\/schema.org","@graph":[{"@type":"WebPage","@id":"https:\/\/jakob-felsner.com\/drohnenaufnahmen\/","url":"https:\/\/jakob-felsner.com\/drohnenaufnahmen\/","name":"Drohnenaufnahmen - Videograf Wien | Jakob Felsner &ndash; Videoproduktion &amp; Fotografie","isPartOf":{"@id":"https:\/\/jakob-felsner.com\/#website"},"primaryImageOfPage":{"@id":"https:\/\/jakob-felsner.com\/drohnenaufnahmen\/#primaryimage"},"image":{"@id":"https:\/\/jakob-felsner.com\/drohnenaufnahmen\/#primaryimage"},"thumbnailUrl":"https:\/\/jakob-felsner.com\/wp-content\/uploads\/2024\/01\/Drone-Reel-2024-Thumb.jpg","datePublished":"2023-12-26T00:13:40+00:00","dateModified":"2024-01-25T17:09:58+00:00","breadcrumb":{"@id":"https:\/\/jakob-felsner.com\/drohnenaufnahmen\/#breadcrumb"},"inLanguage":"en-GB","potentialAction":[{"@type":"ReadAction","target":["https:\/\/jakob-felsner.com\/drohnenaufnahmen\/"]}]},{"@type":"ImageObject","inLanguage":"en-GB","@id":"https:\/\/jakob-felsner.com\/drohnenaufnahmen\/#primaryimage","url":"https:\/\/jakob-felsner.com\/wp-content\/uploads\/2024\/01\/Drone-Reel-2024-Thumb.jpg","contentUrl":"https:\/\/jakob-felsner.com\/wp-content\/uploads\/2024\/01\/Drone-Reel-2024-Thumb.jpg"},{"@type":"BreadcrumbList","@id":"https:\/\/jakob-felsner.com\/drohnenaufnahmen\/#breadcrumb","itemListElement":[{"@type":"ListItem","position":1,"name":"Home","item":"https:\/\/jakob-felsner.com\/"},{"@type":"ListItem","position":2,"name":"Drohnenaufnahmen"}]},{"@type":"WebSite","@id":"https:\/\/jakob-felsner.com\/#website","url":"https:\/\/jakob-felsner.com\/","name":"Videograf Wien | Jakob Felsner &ndash; Videoproduktion &amp; Fotografie","description":"Freelance Videoproduktion &amp; Fotografie","publisher":{"@id":"https:\/\/jakob-felsner.com\/#organization"},"potentialAction":[{"@type":"SearchAction","target":{"@type":"EntryPoint","urlTemplate":"https:\/\/jakob-felsner.com\/?s={search_term_string}"},"query-input":{"@type":"PropertyValueSpecification","valueRequired":true,"valueName":"search_term_string"}}],"inLanguage":"en-GB"},{"@type":"Organization","@id":"https:\/\/jakob-felsner.com\/#organization","name":"Videograf Wien | Jakob Felsner &ndash; Videoproduktion &amp; Fotografie","url":"https:\/\/jakob-felsner.com\/","logo":{"@type":"ImageObject","inLanguage":"en-GB","@id":"https:\/\/jakob-felsner.com\/#\/schema\/logo\/image\/","url":"https:\/\/jakob-felsner.com\/wp-content\/uploads\/2023\/12\/Logo-placeholder.png","contentUrl":"https:\/\/jakob-felsner.com\/wp-content\/uploads\/2023\/12\/Logo-placeholder.png","width":456,"height":456,"caption":"Videograf Wien | Jakob Felsner &ndash; Videoproduktion &amp; Fotografie"},"image":{"@id":"https:\/\/jakob-felsner.com\/#\/schema\/logo\/image\/"}}]}},"_links":{"self":[{"href":"https:\/\/jakob-felsner.com\/en\/wp-json\/wp\/v2\/pages\/136","targetHints":{"allow":["GET"]}}],"collection":[{"href":"https:\/\/jakob-felsner.com\/en\/wp-json\/wp\/v2\/pages"}],"about":[{"href":"https:\/\/jakob-felsner.com\/en\/wp-json\/wp\/v2\/types\/page"}],"author":[{"embeddable":true,"href":"https:\/\/jakob-felsner.com\/en\/wp-json\/wp\/v2\/users\/1"}],"replies":[{"embeddable":true,"href":"https:\/\/jakob-felsner.com\/en\/wp-json\/wp\/v2\/comments?post=136"}],"version-history":[{"count":9,"href":"https:\/\/jakob-felsner.com\/en\/wp-json\/wp\/v2\/pages\/136\/revisions"}],"predecessor-version":[{"id":547,"href":"https:\/\/jakob-felsner.com\/en\/wp-json\/wp\/v2\/pages\/136\/revisions\/547"}],"wp:attachment":[{"href":"https:\/\/jakob-felsner.com\/en\/wp-json\/wp\/v2\/media?parent=136"}],"curies":[{"name":"wp","href":"https:\/\/api.w.org\/{rel}","templated":true}]}}